    {"id":2151,"date":"2025-08-05T17:52:59","date_gmt":"2025-08-05T17:52:59","guid":{"rendered":"https:\/\/cashknow.com\/?page_id=2151"},"modified":"2025-08-05T17:52:59","modified_gmt":"2025-08-05T17:52:59","slug":"about-us-2","status":"publish","type":"page","link":"https:\/\/cashknow.com\/es\/about-us-2\/","title":{"rendered":"Sobre nosotros"},"content":{"rendered":"<p><\/p>\n\n\n\n<p><strong>Bienvenido a CashKnow<\/strong>&nbsp;Tu recurso ideal para todo lo relacionado con el crecimiento profesional, las estrategias de b\u00fasqueda de empleo y el cambiante mundo laboral. Ya sea que est\u00e9s redactando tu primer curr\u00edculum, prepar\u00e1ndote para una entrevista importante o explorando nuevas oportunidades en un mercado laboral competitivo, CashKnow est\u00e1 aqu\u00ed para guiarte en cada paso del camino.<\/p>\n\n\n\n<h3 class=\"wp-block-heading\">\u00bfQu\u00e9 nos motiva?<\/h3>\n\n\n\n<p>En CashKnow, nos apasiona ayudar a las personas a progresar en sus trayectorias profesionales. Creemos que la informaci\u00f3n correcta en el momento oportuno puede abrir puertas, transformar vidas y construir futuros. Por eso nos comprometemos a brindarte consejos pr\u00e1cticos, perspectivas de expertos y tendencias actualizadas que te permitan tomar decisiones profesionales con seguridad.<\/p>\n\n\n\n<h3 class=\"wp-block-heading\">Quienes somos<\/h3>\n\n\n\n<p>CashKnow es m\u00e1s que un blog: es una comunidad en crecimiento de personas que buscan empleo, buscan un cambio de carrera, reclutadores y personas que buscan el aprendizaje continuo. Nuestro contenido est\u00e1 elaborado por profesionales con amplia experiencia en contrataci\u00f3n, y estamos aqu\u00ed para compartir lo que realmente funciona en el mundo laboral.<\/p>\n\n\n\n<p>Desde la redacci\u00f3n del curr\u00edculum hasta consejos para entrevistas, desde las tendencias de la industria hasta los consejos de mentalidad, nuestro objetivo es brindarle las herramientas para destacar y tener \u00e9xito.<\/p>\n\n\n\n<h3 class=\"wp-block-heading\">Complicarse<\/h3>\n\n\n\n<p>Tu voz nos importa. \u00bfTienes alg\u00fan tema que te gustar\u00eda que cubri\u00e9ramos? \u00bfUna historia profesional para compartir? \u00bfO simplemente quieres saludarnos? \u00a1Env\u00edanos un mensaje! CashKnow est\u00e1 dise\u00f1ado para servirte y siempre te escuchamos.<\/p>\n\n\n\n<p>Construyamos juntos un camino al \u00e9xito m\u00e1s inteligente e informado.<\/p>","protected":false},"excerpt":{"rendered":"<p>Bienvenido a CashKnow, tu sitio de referencia para todo lo relacionado con el crecimiento profesional, las estrategias de b\u00fasqueda de empleo y el cambiante mundo laboral. Ya sea que est\u00e9s escribiendo tu primer curr\u00edculum, prepar\u00e1ndote para una entrevista importante o explorando nuevas oportunidades en un mercado laboral competitivo, CashKnow est\u00e1 aqu\u00ed para guiarte en cada paso del camino. Lo que nos motiva [\u2026]<\/p>","protected":false},"author":76,"featured_media":0,"parent":0,"menu_order":0,"comment_status":"closed","ping_status":"closed","template":"","meta":{"footnotes":""},"yoast_head":"<!-- This site is optimized with the Yoast SEO plugin v23.3 - https:\/\/yoast.com\/wordpress\/plugins\/seo\/ -->\n<title>About Us - cashknow<\/title>\n<meta name=\"robots\" content=\"index, follow, max-snippet:-1, max-image-preview:large, max-video-preview:-1\" \/>\n<link rel=\"canonical\" href=\"http:\/\/cashknow.com\/es\/about-us-2\/\" \/>\n<meta property=\"og:locale\" content=\"es_ES\" \/>\n<meta property=\"og:type\" content=\"article\" \/>\n<meta property=\"og:title\" content=\"About Us - cashknow\" \/>\n<meta property=\"og:description\" content=\"Welcome to CashKnow&nbsp;\u2013 your go-to destination for everything related to career growth, job search strategies, and the evolving world of work. Whether you&#8217;re writing your first resume, prepping for a big interview, or exploring new opportunities in a competitive job market, CashKnow is here to guide you every step of the way. What drives us [&hellip;]\" \/>\n<meta property=\"og:url\" content=\"http:\/\/cashknow.com\/es\/about-us-2\/\" \/>\n<meta property=\"og:site_name\" content=\"cashknow\" \/>\n<meta name=\"twitter:card\" content=\"summary_large_image\" \/>\n<meta name=\"twitter:label1\" content=\"Est. reading time\" \/>\n\t<meta name=\"twitter:data1\" content=\"2 minutos\" \/>\n<script type=\"application\/ld+json\" class=\"yoast-schema-graph\">{\"@context\":\"https:\/\/schema.org\",\"@graph\":[{\"@type\":\"WebPage\",\"@id\":\"http:\/\/cashknow.com\/es\/about-us-2\/\",\"url\":\"http:\/\/cashknow.com\/es\/about-us-2\/\",\"name\":\"About Us - cashknow\",\"isPartOf\":{\"@id\":\"https:\/\/cashknow.com\/#website\"},\"datePublished\":\"2025-08-05T17:52:59+00:00\",\"dateModified\":\"2025-08-05T17:52:59+00:00\",\"breadcrumb\":{\"@id\":\"http:\/\/cashknow.com\/es\/about-us-2\/#breadcrumb\"},\"inLanguage\":\"es\",\"potentialAction\":[{\"@type\":\"ReadAction\",\"target\":[\"http:\/\/cashknow.com\/es\/about-us-2\/\"]}]},{\"@type\":\"BreadcrumbList\",\"@id\":\"http:\/\/cashknow.com\/es\/about-us-2\/#breadcrumb\",\"itemListElement\":[{\"@type\":\"ListItem\",\"position\":1,\"name\":\"Home\",\"item\":\"https:\/\/cashknow.com\/\"},{\"@type\":\"ListItem\",\"position\":2,\"name\":\"About Us\"}]},{\"@type\":\"WebSite\",\"@id\":\"https:\/\/cashknow.com\/#website\",\"url\":\"https:\/\/cashknow.com\/\",\"name\":\"cashknow\",\"description\":\"\",\"publisher\":{\"@id\":\"https:\/\/cashknow.com\/#organization\"},\"potentialAction\":[{\"@type\":\"SearchAction\",\"target\":{\"@type\":\"EntryPoint\",\"urlTemplate\":\"https:\/\/cashknow.com\/?s={search_term_string}\"},\"query-input\":\"required name=search_term_string\"}],\"inLanguage\":\"es\"},{\"@type\":\"Organization\",\"@id\":\"https:\/\/cashknow.com\/#organization\",\"name\":\"cashknow\",\"url\":\"https:\/\/cashknow.com\/\",\"logo\":{\"@type\":\"ImageObject\",\"inLanguage\":\"es\",\"@id\":\"https:\/\/cashknow.com\/#\/schema\/logo\/image\/\",\"url\":\"https:\/\/cashknow.com\/wp-content\/uploads\/sites\/96\/2025\/03\/cropped-cropped-Sem-nome-Logotipo-animado.png\",\"contentUrl\":\"https:\/\/cashknow.com\/wp-content\/uploads\/sites\/96\/2025\/03\/cropped-cropped-Sem-nome-Logotipo-animado.png\",\"width\":512,\"height\":512,\"caption\":\"cashknow\"},\"image\":{\"@id\":\"https:\/\/cashknow.com\/#\/schema\/logo\/image\/\"}}]}<\/script>\n<!-- \/ Yoast SEO plugin. -->","yoast_head_json":{"title":"About Us - cashknow","robots":{"index":"index","follow":"follow","max-snippet":"max-snippet:-1","max-image-preview":"max-image-preview:large","max-video-preview":"max-video-preview:-1"},"canonical":"http:\/\/cashknow.com\/es\/about-us-2\/","og_locale":"es_ES","og_type":"article","og_title":"About Us - cashknow","og_description":"Welcome to CashKnow&nbsp;\u2013 your go-to destination for everything related to career growth, job search strategies, and the evolving world of work. Whether you&#8217;re writing your first resume, prepping for a big interview, or exploring new opportunities in a competitive job market, CashKnow is here to guide you every step of the way. What drives us [&hellip;]","og_url":"http:\/\/cashknow.com\/es\/about-us-2\/","og_site_name":"cashknow","twitter_card":"summary_large_image","twitter_misc":{"Est. reading time":"2 minutos"},"schema":{"@context":"https:\/\/schema.org","@graph":[{"@type":"WebPage","@id":"http:\/\/cashknow.com\/es\/about-us-2\/","url":"http:\/\/cashknow.com\/es\/about-us-2\/","name":"About Us - cashknow","isPartOf":{"@id":"https:\/\/cashknow.com\/#website"},"datePublished":"2025-08-05T17:52:59+00:00","dateModified":"2025-08-05T17:52:59+00:00","breadcrumb":{"@id":"http:\/\/cashknow.com\/es\/about-us-2\/#breadcrumb"},"inLanguage":"es","potentialAction":[{"@type":"ReadAction","target":["http:\/\/cashknow.com\/es\/about-us-2\/"]}]},{"@type":"BreadcrumbList","@id":"http:\/\/cashknow.com\/es\/about-us-2\/#breadcrumb","itemListElement":[{"@type":"ListItem","position":1,"name":"Home","item":"https:\/\/cashknow.com\/"},{"@type":"ListItem","position":2,"name":"About Us"}]},{"@type":"WebSite","@id":"https:\/\/cashknow.com\/#website","url":"https:\/\/cashknow.com\/","name":"cashknow","description":"","publisher":{"@id":"https:\/\/cashknow.com\/#organization"},"potentialAction":[{"@type":"SearchAction","target":{"@type":"EntryPoint","urlTemplate":"https:\/\/cashknow.com\/?s={search_term_string}"},"query-input":"required name=search_term_string"}],"inLanguage":"es"},{"@type":"Organization","@id":"https:\/\/cashknow.com\/#organization","name":"cashknow","url":"https:\/\/cashknow.com\/","logo":{"@type":"ImageObject","inLanguage":"es","@id":"https:\/\/cashknow.com\/#\/schema\/logo\/image\/","url":"https:\/\/cashknow.com\/wp-content\/uploads\/sites\/96\/2025\/03\/cropped-cropped-Sem-nome-Logotipo-animado.png","contentUrl":"https:\/\/cashknow.com\/wp-content\/uploads\/sites\/96\/2025\/03\/cropped-cropped-Sem-nome-Logotipo-animado.png","width":512,"height":512,"caption":"cashknow"},"image":{"@id":"https:\/\/cashknow.com\/#\/schema\/logo\/image\/"}}]}},"_links":{"self":[{"href":"https:\/\/cashknow.com\/es\/wp-json\/wp\/v2\/pages\/2151"}],"collection":[{"href":"https:\/\/cashknow.com\/es\/wp-json\/wp\/v2\/pages"}],"about":[{"href":"https:\/\/cashknow.com\/es\/wp-json\/wp\/v2\/types\/page"}],"author":[{"embeddable":true,"href":"https:\/\/cashknow.com\/es\/wp-json\/wp\/v2\/users\/76"}],"replies":[{"embeddable":true,"href":"https:\/\/cashknow.com\/es\/wp-json\/wp\/v2\/comments?post=2151"}],"version-history":[{"count":1,"href":"https:\/\/cashknow.com\/es\/wp-json\/wp\/v2\/pages\/2151\/revisions"}],"predecessor-version":[{"id":2152,"href":"https:\/\/cashknow.com\/es\/wp-json\/wp\/v2\/pages\/2151\/revisions\/2152"}],"wp:attachment":[{"href":"https:\/\/cashknow.com\/es\/wp-json\/wp\/v2\/media?parent=2151"}],"curies":[{"name":"wp","href":"https:\/\/api.w.org\/{rel}","templated":true}]}}