    {"id":108,"date":"2023-12-16T03:19:47","date_gmt":"2023-12-16T03:19:47","guid":{"rendered":"https:\/\/cashknow.com\/?page_id=108"},"modified":"2025-11-22T12:20:59","modified_gmt":"2025-11-22T12:20:59","slug":"contact","status":"publish","type":"page","link":"https:\/\/cashknow.com\/es\/contact\/","title":{"rendered":"Contacto"},"content":{"rendered":"<p>Gracias por visitarnos <strong data-start=\"309\" data-end=\"321\">CashKnow<\/strong>, su fuente de confianza para obtener informaci\u00f3n, consejos y orientaci\u00f3n en el mundo laboral. Valoramos enormemente sus comentarios, preguntas e ideas. Si desea contactarnos, utilice la informaci\u00f3n de contacto a continuaci\u00f3n, seg\u00fan el tipo de consulta:<\/p>\n\n\n\n<h3 class=\"wp-block-heading\">Consultas generales<\/h3>\n\n\n\n<p>Para preguntas generales sobre CashKnow o para ponerse en contacto con nuestro equipo, env\u00edenos un correo electr\u00f3nico a <strong data-start=\"699\" data-end=\"720\">contacto@cashknow.com<\/strong><br>Siempre estaremos encantados de saber de usted y le responderemos lo antes posible.<\/p>\n\n\n\n<h3 class=\"wp-block-heading\">Contenido y contribuciones<\/h3>\n\n\n\n<p>\u00bfQuieres comentar una publicaci\u00f3n, sugerir un tema o aportar tus propias ideas? Cont\u00e1ctanos en <strong data-start=\"699\" data-end=\"720\">contacto@cashknow.com<\/strong><br>Damos la bienvenida a nuevas perspectivas y nos encanta conectarnos con personas apasionadas por el desarrollo profesional.<\/p>\n\n\n\n<h3 class=\"wp-block-heading\">Apoyo t\u00e9cnico<\/h3>\n\n\n\n<p>Si tiene alg\u00fan problema mientras navega por CashKnow o necesita ayuda para acceder a nuestro contenido, comun\u00edquese con nuestro equipo de soporte en <strong data-start=\"699\" data-end=\"720\">contacto@cashknow.com<\/strong>.<br>Estamos aqu\u00ed para ayudar y garantizar una experiencia de usuario fluida.<\/p>\n\n\n\n<h3 class=\"wp-block-heading\">Mantente conectado<\/h3>\n\n\n\n<p>CashKnow es un espacio digital dise\u00f1ado para personas con visi\u00f3n profesional en todo el mundo. Aunque no tenemos una oficina f\u00edsica, siempre estamos en l\u00ednea, listos para conectar, escuchar y crecer con nuestra comunidad.<\/p>\n\n\n\n<p>Gracias de nuevo por formar parte de CashKnow. \u00a1Esperamos tener noticias tuyas!<\/p>\n\n\n\n<p>Un cordial saludo,<br data-start=\"1604\" data-end=\"1607\"><strong data-start=\"1607\" data-end=\"1628\">El equipo de CashKnow<\/strong><\/p>\n\n\n\n<h3 class=\"wp-block-heading\">&nbsp;<\/h3>","protected":false},"excerpt":{"rendered":"<p>Thank you for visiting CashKnow, your trusted source for insights, advice, and guidance in the world of careers and employment. We truly value your feedback, questions, and ideas. If you\u2019d like to get in touch, please use the contact information below based on the nature of your inquiry: General Inquiries For general questions about CashKnow [&hellip;]<\/p>","protected":false},"author":110,"featured_media":0,"parent":0,"menu_order":0,"comment_status":"closed","ping_status":"closed","template":"","meta":{"footnotes":""},"yoast_head":"<!-- This site is optimized with the Yoast SEO plugin v23.3 - https:\/\/yoast.com\/wordpress\/plugins\/seo\/ -->\n<title>Contact - cashknow<\/title>\n<meta name=\"robots\" content=\"index, follow, max-snippet:-1, max-image-preview:large, max-video-preview:-1\" \/>\n<link rel=\"canonical\" href=\"https:\/\/cashknow.com\/es\/contact\/\" \/>\n<meta property=\"og:locale\" content=\"es_ES\" \/>\n<meta property=\"og:type\" content=\"article\" \/>\n<meta property=\"og:title\" content=\"Contact - cashknow\" \/>\n<meta property=\"og:description\" content=\"Thank you for visiting CashKnow, your trusted source for insights, advice, and guidance in the world of careers and employment. We truly value your feedback, questions, and ideas. If you\u2019d like to get in touch, please use the contact information below based on the nature of your inquiry: General Inquiries For general questions about CashKnow [&hellip;]\" \/>\n<meta property=\"og:url\" content=\"https:\/\/cashknow.com\/es\/contact\/\" \/>\n<meta property=\"og:site_name\" content=\"cashknow\" \/>\n<meta property=\"article:modified_time\" content=\"2025-11-22T12:20:59+00:00\" \/>\n<meta name=\"twitter:card\" content=\"summary_large_image\" \/>\n<meta name=\"twitter:label1\" content=\"Est. reading time\" \/>\n\t<meta name=\"twitter:data1\" content=\"1 minuto\" \/>\n<script type=\"application\/ld+json\" class=\"yoast-schema-graph\">{\"@context\":\"https:\/\/schema.org\",\"@graph\":[{\"@type\":\"WebPage\",\"@id\":\"https:\/\/cashknow.com\/contact\/\",\"url\":\"https:\/\/cashknow.com\/contact\/\",\"name\":\"Contact - cashknow\",\"isPartOf\":{\"@id\":\"https:\/\/cashknow.com\/#website\"},\"datePublished\":\"2023-12-16T03:19:47+00:00\",\"dateModified\":\"2025-11-22T12:20:59+00:00\",\"breadcrumb\":{\"@id\":\"https:\/\/cashknow.com\/contact\/#breadcrumb\"},\"inLanguage\":\"es\",\"potentialAction\":[{\"@type\":\"ReadAction\",\"target\":[\"https:\/\/cashknow.com\/contact\/\"]}]},{\"@type\":\"BreadcrumbList\",\"@id\":\"https:\/\/cashknow.com\/contact\/#breadcrumb\",\"itemListElement\":[{\"@type\":\"ListItem\",\"position\":1,\"name\":\"Home\",\"item\":\"https:\/\/cashknow.com\/\"},{\"@type\":\"ListItem\",\"position\":2,\"name\":\"Contact\"}]},{\"@type\":\"WebSite\",\"@id\":\"https:\/\/cashknow.com\/#website\",\"url\":\"https:\/\/cashknow.com\/\",\"name\":\"cashknow\",\"description\":\"\",\"publisher\":{\"@id\":\"https:\/\/cashknow.com\/#organization\"},\"potentialAction\":[{\"@type\":\"SearchAction\",\"target\":{\"@type\":\"EntryPoint\",\"urlTemplate\":\"https:\/\/cashknow.com\/?s={search_term_string}\"},\"query-input\":\"required name=search_term_string\"}],\"inLanguage\":\"es\"},{\"@type\":\"Organization\",\"@id\":\"https:\/\/cashknow.com\/#organization\",\"name\":\"cashknow\",\"url\":\"https:\/\/cashknow.com\/\",\"logo\":{\"@type\":\"ImageObject\",\"inLanguage\":\"es\",\"@id\":\"https:\/\/cashknow.com\/#\/schema\/logo\/image\/\",\"url\":\"https:\/\/cashknow.com\/wp-content\/uploads\/sites\/96\/2025\/03\/cropped-cropped-Sem-nome-Logotipo-animado.png\",\"contentUrl\":\"https:\/\/cashknow.com\/wp-content\/uploads\/sites\/96\/2025\/03\/cropped-cropped-Sem-nome-Logotipo-animado.png\",\"width\":512,\"height\":512,\"caption\":\"cashknow\"},\"image\":{\"@id\":\"https:\/\/cashknow.com\/#\/schema\/logo\/image\/\"}}]}<\/script>\n<!-- \/ Yoast SEO plugin. -->","yoast_head_json":{"title":"Contact - cashknow","robots":{"index":"index","follow":"follow","max-snippet":"max-snippet:-1","max-image-preview":"max-image-preview:large","max-video-preview":"max-video-preview:-1"},"canonical":"https:\/\/cashknow.com\/es\/contact\/","og_locale":"es_ES","og_type":"article","og_title":"Contact - cashknow","og_description":"Thank you for visiting CashKnow, your trusted source for insights, advice, and guidance in the world of careers and employment. We truly value your feedback, questions, and ideas. If you\u2019d like to get in touch, please use the contact information below based on the nature of your inquiry: General Inquiries For general questions about CashKnow [&hellip;]","og_url":"https:\/\/cashknow.com\/es\/contact\/","og_site_name":"cashknow","article_modified_time":"2025-11-22T12:20:59+00:00","twitter_card":"summary_large_image","twitter_misc":{"Est. reading time":"1 minuto"},"schema":{"@context":"https:\/\/schema.org","@graph":[{"@type":"WebPage","@id":"https:\/\/cashknow.com\/contact\/","url":"https:\/\/cashknow.com\/contact\/","name":"Contact - cashknow","isPartOf":{"@id":"https:\/\/cashknow.com\/#website"},"datePublished":"2023-12-16T03:19:47+00:00","dateModified":"2025-11-22T12:20:59+00:00","breadcrumb":{"@id":"https:\/\/cashknow.com\/contact\/#breadcrumb"},"inLanguage":"es","potentialAction":[{"@type":"ReadAction","target":["https:\/\/cashknow.com\/contact\/"]}]},{"@type":"BreadcrumbList","@id":"https:\/\/cashknow.com\/contact\/#breadcrumb","itemListElement":[{"@type":"ListItem","position":1,"name":"Home","item":"https:\/\/cashknow.com\/"},{"@type":"ListItem","position":2,"name":"Contact"}]},{"@type":"WebSite","@id":"https:\/\/cashknow.com\/#website","url":"https:\/\/cashknow.com\/","name":"cashknow","description":"","publisher":{"@id":"https:\/\/cashknow.com\/#organization"},"potentialAction":[{"@type":"SearchAction","target":{"@type":"EntryPoint","urlTemplate":"https:\/\/cashknow.com\/?s={search_term_string}"},"query-input":"required name=search_term_string"}],"inLanguage":"es"},{"@type":"Organization","@id":"https:\/\/cashknow.com\/#organization","name":"cashknow","url":"https:\/\/cashknow.com\/","logo":{"@type":"ImageObject","inLanguage":"es","@id":"https:\/\/cashknow.com\/#\/schema\/logo\/image\/","url":"https:\/\/cashknow.com\/wp-content\/uploads\/sites\/96\/2025\/03\/cropped-cropped-Sem-nome-Logotipo-animado.png","contentUrl":"https:\/\/cashknow.com\/wp-content\/uploads\/sites\/96\/2025\/03\/cropped-cropped-Sem-nome-Logotipo-animado.png","width":512,"height":512,"caption":"cashknow"},"image":{"@id":"https:\/\/cashknow.com\/#\/schema\/logo\/image\/"}}]}},"_links":{"self":[{"href":"https:\/\/cashknow.com\/es\/wp-json\/wp\/v2\/pages\/108"}],"collection":[{"href":"https:\/\/cashknow.com\/es\/wp-json\/wp\/v2\/pages"}],"about":[{"href":"https:\/\/cashknow.com\/es\/wp-json\/wp\/v2\/types\/page"}],"author":[{"embeddable":true,"href":"https:\/\/cashknow.com\/es\/wp-json\/wp\/v2\/users\/110"}],"replies":[{"embeddable":true,"href":"https:\/\/cashknow.com\/es\/wp-json\/wp\/v2\/comments?post=108"}],"version-history":[{"count":3,"href":"https:\/\/cashknow.com\/es\/wp-json\/wp\/v2\/pages\/108\/revisions"}],"predecessor-version":[{"id":2433,"href":"https:\/\/cashknow.com\/es\/wp-json\/wp\/v2\/pages\/108\/revisions\/2433"}],"wp:attachment":[{"href":"https:\/\/cashknow.com\/es\/wp-json\/wp\/v2\/media?parent=108"}],"curies":[{"name":"wp","href":"https:\/\/api.w.org\/{rel}","templated":true}]}}